{"id":1614,"date":"2025-04-01T12:02:52","date_gmt":"2025-04-01T12:02:52","guid":{"rendered":"https:\/\/washbl-com-745760.hostingersite.com\/?page_id=1614"},"modified":"2025-05-08T16:49:16","modified_gmt":"2025-05-08T16:49:16","slug":"about-us","status":"publish","type":"page","link":"https:\/\/washbl.com\/pt\/about-us\/","title":{"rendered":"Sobre N\u00f3s"},"content":{"rendered":"<div data-elementor-type=\"wp-page\" data-elementor-id=\"1614\" class=\"elementor elementor-1614\">\n\t\t\t\t<div class=\"elementor-element elementor-element-07d9d94 e-flex e-con-boxed e-con e-parent\" data-id=\"07d9d94\" data-element_type=\"container\" data-e-type=\"container\" data-settings=\"{&quot;background_background&quot;:&quot;classic&quot;}\">\n\t\t\t\t\t<div class=\"e-con-inner\">\n\t\t<div class=\"elementor-element elementor-element-1d777f5 e-con-full e-flex e-con e-child\" data-id=\"1d777f5\" data-element_type=\"container\" data-e-type=\"container\">\n\t\t<div class=\"elementor-element elementor-element-dfb7338 e-con-full e-flex e-con e-child\" data-id=\"dfb7338\" data-element_type=\"container\" data-e-type=\"container\">\n\t\t<div class=\"elementor-element elementor-element-642dd74 e-con-full e-flex e-con e-child\" data-id=\"642dd74\" data-element_type=\"container\" data-e-type=\"container\">\n\t\t\t\t<div class=\"elementor-element elementor-element-1de0389 elementor-widget elementor-widget-heading\" data-id=\"1de0389\" data-element_type=\"widget\" data-e-type=\"widget\" data-widget_type=\"heading.default\">\n\t\t\t\t<div class=\"elementor-widget-container\">\n\t\t\t\t\t<h1 class=\"elementor-heading-title elementor-size-default\">Sobre a Nossa Empresa<\/h1>\t\t\t\t<\/div>\n\t\t\t\t<\/div>\n\t\t\t\t<\/div>\n\t\t\t\t<\/div>\n\t\t\t\t<\/div>\n\t\t\t\t\t<\/div>\n\t\t\t\t<\/div>\n\t\t<div class=\"elementor-element elementor-element-39c70f2 e-flex e-con-boxed e-con e-parent\" data-id=\"39c70f2\" data-element_type=\"container\" data-e-type=\"container\" data-settings=\"{&quot;background_background&quot;:&quot;classic&quot;}\">\n\t\t\t\t\t<div class=\"e-con-inner\">\n\t\t<div class=\"elementor-element elementor-element-688d9f3 e-con-full e-flex e-con e-child\" data-id=\"688d9f3\" data-element_type=\"container\" data-e-type=\"container\">\n\t\t\t\t<div class=\"elementor-element elementor-element-acc4a05 elementor-widget elementor-widget-text-editor\" data-id=\"acc4a05\" data-element_type=\"widget\" data-e-type=\"widget\" data-widget_type=\"text-editor.default\">\n\t\t\t\t<div class=\"elementor-widget-container\">\n\t\t\t\t\t\t\t\t\t<p>A WashBl \u00e9 uma empresa inovadora que surge no mercado com o intuito de revolucionar o sector imobili\u00e1rio atrav\u00e9s da limpeza de passeios, fachadas, pedras e janelas. Especializados em limpeza profissional, transformamos os espa\u00e7os exteriores com um n\u00edvel de excel\u00eancia que s\u00f3 a nossa equipa dedicada pode oferecer.<\/p><p>Com uma taxa de satisfa\u00e7\u00e3o de 100% dos nossos clientes, apresentamo-nos como uma empresa fi\u00e1vel e com a melhor qualidade de servi\u00e7o.<\/p><p>Destaca-se pela sua especializa\u00e7\u00e3o t\u00e9cnica para cada superf\u00edcie espec\u00edfica, com uma equipa altamente qualificada e uma metodologia de trabalho inovadora que re\u00fane o melhor dos dois mundos, tradi\u00e7\u00e3o e tecnologia.<\/p><p>Com or\u00e7amentos personalizados e gratuitos, servi\u00e7os premium e uma taxa de satisfa\u00e7\u00e3o de 100%, a nossa empresa oferece a melhor limpeza de fachadas, pedras (incluindo cal\u00e7adas) e janelas.<\/p><p>A perfei\u00e7\u00e3o em todos os pormenores \u00e9 o nosso dever.<\/p>\t\t\t\t\t\t\t\t<\/div>\n\t\t\t\t<\/div>\n\t\t\t\t<\/div>\n\t\t\t\t\t<\/div>\n\t\t\t\t<\/div>\n\t\t\t\t<\/div>","protected":false},"excerpt":{"rendered":"<p>About Our Business WashBl is an innovative company that has come onto the market with the intention of revolutionizing the real estate sector by cleaning sidewalks, facades, stones and windows. Specializing in professional cleaning, we transform outdoor spaces with a level of excellence that only our dedicated team can offer. With a 100% customer satisfaction [&hellip;]<\/p>\n","protected":false},"author":1,"featured_media":0,"parent":0,"menu_order":0,"comment_status":"closed","ping_status":"closed","template":"","meta":{"site-sidebar-layout":"no-sidebar","site-content-layout":"page-builder","ast-site-content-layout":"full-width-container","site-content-style":"default","site-sidebar-style":"default","ast-global-header-display":"","ast-banner-title-visibility":"","ast-main-header-display":"","ast-hfb-above-header-display":"","ast-hfb-below-header-display":"","ast-hfb-mobile-header-display":"","site-post-title":"disabled","ast-breadcrumbs-content":"","ast-featured-img":"disabled","footer-sml-layout":"","ast-disable-related-posts":"","theme-transparent-header-meta":"","adv-header-id-meta":"","stick-header-meta":"","header-above-stick-meta":"","header-main-stick-meta":"","header-below-stick-meta":"","astra-migrate-meta-layouts":"set","ast-page-background-enabled":"default","ast-page-background-meta":{"desktop":{"background-color":"var(--ast-global-color-4)","background-image":"","background-repeat":"repeat","background-position":"center center","background-size":"auto","background-attachment":"scroll","background-type":"","background-media":"","overlay-type":"","overlay-color":"","overlay-opacity":"","overlay-gradient":""},"tablet":{"background-color":"","background-image":"","background-repeat":"repeat","background-position":"center center","background-size":"auto","background-attachment":"scroll","background-type":"","background-media":"","overlay-type":"","overlay-color":"","overlay-opacity":"","overlay-gradient":""},"mobile":{"background-color":"","background-image":"","background-repeat":"repeat","background-position":"center center","background-size":"auto","background-attachment":"scroll","background-type":"","background-media":"","overlay-type":"","overlay-color":"","overlay-opacity":"","overlay-gradient":""}},"ast-content-background-meta":{"desktop":{"background-color":"var(--ast-global-color-5)","background-image":"","background-repeat":"repeat","background-position":"center center","background-size":"auto","background-attachment":"scroll","background-type":"","background-media":"","overlay-type":"","overlay-color":"","overlay-opacity":"","overlay-gradient":""},"tablet":{"background-color":"var(--ast-global-color-5)","background-image":"","background-repeat":"repeat","background-position":"center center","background-size":"auto","background-attachment":"scroll","background-type":"","background-media":"","overlay-type":"","overlay-color":"","overlay-opacity":"","overlay-gradient":""},"mobile":{"background-color":"var(--ast-global-color-5)","background-image":"","background-repeat":"repeat","background-position":"center center","background-size":"auto","background-attachment":"scroll","background-type":"","background-media":"","overlay-type":"","overlay-color":"","overlay-opacity":"","overlay-gradient":""}},"footnotes":""},"class_list":["post-1614","page","type-page","status-publish","hentry"],"_links":{"self":[{"href":"https:\/\/washbl.com\/pt\/wp-json\/wp\/v2\/pages\/1614","targetHints":{"allow":["GET"]}}],"collection":[{"href":"https:\/\/washbl.com\/pt\/wp-json\/wp\/v2\/pages"}],"about":[{"href":"https:\/\/washbl.com\/pt\/wp-json\/wp\/v2\/types\/page"}],"author":[{"embeddable":true,"href":"https:\/\/washbl.com\/pt\/wp-json\/wp\/v2\/users\/1"}],"replies":[{"embeddable":true,"href":"https:\/\/washbl.com\/pt\/wp-json\/wp\/v2\/comments?post=1614"}],"version-history":[{"count":10,"href":"https:\/\/washbl.com\/pt\/wp-json\/wp\/v2\/pages\/1614\/revisions"}],"predecessor-version":[{"id":2025,"href":"https:\/\/washbl.com\/pt\/wp-json\/wp\/v2\/pages\/1614\/revisions\/2025"}],"wp:attachment":[{"href":"https:\/\/washbl.com\/pt\/wp-json\/wp\/v2\/media?parent=1614"}],"curies":[{"name":"wp","href":"https:\/\/api.w.org\/{rel}","templated":true}]}}